{"id":416,"date":"2025-06-23T11:18:26","date_gmt":"2025-06-23T11:18:26","guid":{"rendered":"https:\/\/multiva.webdemo.lt\/?page_id=416"},"modified":"2025-07-25T11:26:19","modified_gmt":"2025-07-25T11:26:19","slug":"laiptai","status":"publish","type":"page","link":"https:\/\/multiva.webdemo.lt\/en\/produktai\/laiptai\/","title":{"rendered":"Stairs"},"content":{"rendered":"<div data-elementor-type=\"wp-page\" data-elementor-id=\"416\" class=\"elementor elementor-416\" data-elementor-post-type=\"page\">\n\t\t\t\t<div class=\"aux-parallax-section elementor-element elementor-element-010364c e-flex e-con-boxed e-con e-parent\" data-id=\"010364c\" data-element_type=\"container\">\n\t\t\t\t\t<div class=\"e-con-inner\">\n\t\t<div class=\"elementor-element elementor-element-9b8c43d e-con-full e-flex e-con e-child\" data-id=\"9b8c43d\" data-element_type=\"container\">\n\t\t<div class=\"elementor-element elementor-element-1574951 e-con-full e-flex e-con e-child\" data-id=\"1574951\" data-element_type=\"container\">\n\t\t<div class=\"elementor-element elementor-element-14fa62a e-con-full e-flex e-con e-child\" data-id=\"14fa62a\" data-element_type=\"container\">\n\t\t\t\t<div class=\"elementor-element elementor-element-917ec0a elementor-widget__width-auto aux-appear-watch-animation aux-fade-in-left-1 elementor-widget-divider--view-line elementor-widget elementor-widget-divider\" data-id=\"917ec0a\" data-element_type=\"widget\" data-widget_type=\"divider.default\">\n\t\t\t\t<div class=\"elementor-widget-container\">\n\t\t\t\t\t\t\t<div class=\"elementor-divider\">\n\t\t\t<span class=\"elementor-divider-separator\">\n\t\t\t\t\t\t<\/span>\n\t\t<\/div>\n\t\t\t\t\t\t<\/div>\n\t\t\t\t<\/div>\n\t\t\t\t<div class=\"elementor-element elementor-element-3f57bb7 elementor-widget__width-auto aux-appear-watch-animation aux-fade-in-right-1 elementor-widget elementor-widget-heading\" data-id=\"3f57bb7\" data-element_type=\"widget\" data-widget_type=\"heading.default\">\n\t\t\t\t<div class=\"elementor-widget-container\">\n\t\t\t\t\t<h4 class=\"elementor-heading-title elementor-size-default\"><a href=\"\/en\/produktai\/\">Products<\/a><\/h4>\t\t\t\t<\/div>\n\t\t\t\t<\/div>\n\t\t\t\t<\/div>\n\t\t\t\t<\/div>\n\t\t\t\t<div class=\"elementor-element elementor-element-5f00b5e aux-appear-watch-animation aux-fade-in-up elementor-widget elementor-widget-aux_modern_heading\" data-id=\"5f00b5e\" data-element_type=\"widget\" data-widget_type=\"aux_modern_heading.default\">\n\t\t\t\t<div class=\"elementor-widget-container\">\n\t\t\t\t\t<section class=\"aux-widget-modern-heading\">\n            <div class=\"aux-widget-inner\"><h1 class=\"aux-modern-heading-primary\">Stairs<\/h1><\/div>\n        <\/section>\t\t\t\t<\/div>\n\t\t\t\t<\/div>\n\t\t\t\t<\/div>\n\t\t\t\t\t<\/div>\n\t\t\t\t<\/div>\n\t\t<div class=\"aux-parallax-section elementor-element elementor-element-435d804 e-flex e-con-boxed e-con e-parent\" data-id=\"435d804\" data-element_type=\"container\">\n\t\t\t\t\t<div class=\"e-con-inner\">\n\t\t<div class=\"elementor-element elementor-element-74c74ad e-con-full e-flex e-con e-child\" data-id=\"74c74ad\" data-element_type=\"container\">\n\t\t<div class=\"elementor-element elementor-element-056be66 aux-appear-watch-animation aux-fade-in-up e-con-full e-flex e-con e-child\" data-id=\"056be66\" data-element_type=\"container\">\n\t\t<div class=\"elementor-element elementor-element-5839532 aux-services e-con-full e-flex e-con e-child\" data-id=\"5839532\" data-element_type=\"container\" data-settings=\"{&quot;background_background&quot;:&quot;classic&quot;}\">\n\t\t\t\t<div class=\"elementor-element elementor-element-f319538 elementor-widget elementor-widget-image\" data-id=\"f319538\" data-element_type=\"widget\" data-widget_type=\"image.default\">\n\t\t\t\t<div class=\"elementor-widget-container\">\n\t\t\t\t\t\t\t\t\t\t\t\t\t\t\t\t<a href=\"\/en\/produktai\/laiptai\/laiptu-konstrukcijos\/\">\n\t\t\t\t\t\t\t<img fetchpriority=\"high\" decoding=\"async\" width=\"1024\" height=\"1024\" src=\"https:\/\/multiva.webdemo.lt\/wp-content\/uploads\/2025\/07\/IMG_20220317_114236-1024x1024.jpg\" class=\"attachment-large size-large wp-image-2486\" alt=\"\" srcset=\"https:\/\/multiva.webdemo.lt\/wp-content\/uploads\/2025\/07\/IMG_20220317_114236-1024x1024.jpg 1024w, https:\/\/multiva.webdemo.lt\/wp-content\/uploads\/2025\/07\/IMG_20220317_114236-300x300.jpg 300w, https:\/\/multiva.webdemo.lt\/wp-content\/uploads\/2025\/07\/IMG_20220317_114236-150x150.jpg 150w, https:\/\/multiva.webdemo.lt\/wp-content\/uploads\/2025\/07\/IMG_20220317_114236-768x768.jpg 768w\" sizes=\"(max-width: 1024px) 100vw, 1024px\" \/>\t\t\t\t\t\t\t\t<\/a>\n\t\t\t\t\t\t\t\t\t\t\t\t\t\t\t<\/div>\n\t\t\t\t<\/div>\n\t\t\t\t<div class=\"elementor-element elementor-element-c2d328d elementor-view-stacked elementor-widget__width-auto elementor-absolute elementor-shape-circle elementor-widget elementor-widget-icon\" data-id=\"c2d328d\" data-element_type=\"widget\" data-settings=\"{&quot;_position&quot;:&quot;absolute&quot;}\" data-widget_type=\"icon.default\">\n\t\t\t\t<div class=\"elementor-widget-container\">\n\t\t\t\t\t\t\t<div class=\"elementor-icon-wrapper\">\n\t\t\t<div class=\"elementor-icon\">\n\t\t\t<svg xmlns=\"http:\/\/www.w3.org\/2000\/svg\" xmlns:xlink=\"http:\/\/www.w3.org\/1999\/xlink\" fill=\"#000000\" id=\"Layer_1\" viewbox=\"0 0 512 512\" xml:space=\"preserve\"><g>\t<g>\t\t<polygon points=\"125.754,426.667 125.754,363.789 107.789,363.789 107.789,426.667 0,426.667 0,444.632 107.789,444.632    125.754,444.632 512,444.632 512,426.667   \"><\/polygon>\t<\/g><\/g><g>\t<g>\t\t<polygon points=\"197.614,336.842 197.614,273.965 179.649,273.965 179.649,336.842 80.842,336.842 80.842,354.807    179.649,354.807 197.614,354.807 215.579,354.807 215.579,336.842   \"><\/polygon>\t<\/g><\/g><g>\t<g>\t\t<polygon points=\"269.474,247.018 269.474,184.14 251.509,184.14 251.509,247.018 152.702,247.018 152.702,264.982    251.509,264.982 269.474,264.982 287.439,264.982 287.439,247.018   \"><\/polygon>\t<\/g><\/g><g>\t<g>\t\t<polygon points=\"341.333,157.193 341.333,94.316 323.368,94.316 323.368,157.193 224.561,157.193 224.561,175.158    323.368,175.158 341.333,175.158 359.298,175.158 359.298,157.193   \"><\/polygon>\t<\/g><\/g><g>\t<g>\t\t<rect x=\"296.421\" y=\"67.368\" width=\"134.737\" height=\"17.965\"><\/rect>\t<\/g><\/g><\/svg>\t\t\t<\/div>\n\t\t<\/div>\n\t\t\t\t\t\t<\/div>\n\t\t\t\t<\/div>\n\t\t\t\t<div class=\"elementor-element elementor-element-3caec61 elementor-widget elementor-widget-aux_modern_heading\" data-id=\"3caec61\" data-element_type=\"widget\" data-widget_type=\"aux_modern_heading.default\">\n\t\t\t\t<div class=\"elementor-widget-container\">\n\t\t\t\t\t<section class=\"aux-widget-modern-heading\">\n            <div class=\"aux-widget-inner\"><a href=\"\/en\/produktai\/laiptai\/laiptu-konstrukcijos\/\" class=\"aux-modern-heading-primary-link\"><h3 class=\"aux-modern-heading-primary\">Typical staircase structures<\/h3><\/a><\/div>\n        <\/section>\t\t\t\t<\/div>\n\t\t\t\t<\/div>\n\t\t\t\t<\/div>\n\t\t<div class=\"elementor-element elementor-element-6a08763 aux-services e-con-full e-flex e-con e-child\" data-id=\"6a08763\" data-element_type=\"container\" data-settings=\"{&quot;background_background&quot;:&quot;classic&quot;}\">\n\t\t\t\t<div class=\"elementor-element elementor-element-74a9c23 elementor-widget elementor-widget-image\" data-id=\"74a9c23\" data-element_type=\"widget\" data-widget_type=\"image.default\">\n\t\t\t\t<div class=\"elementor-widget-container\">\n\t\t\t\t\t\t\t\t\t\t\t\t\t\t\t\t<a href=\"\/en\/produktai\/laiptai\/pramoniniu-laiptu-konstrukcijos\/\">\n\t\t\t\t\t\t\t<img decoding=\"async\" width=\"1024\" height=\"1024\" src=\"https:\/\/multiva.webdemo.lt\/wp-content\/uploads\/2025\/07\/IMG_20250707_135738-1024x1024.jpg\" class=\"attachment-large size-large wp-image-2497\" alt=\"\" srcset=\"https:\/\/multiva.webdemo.lt\/wp-content\/uploads\/2025\/07\/IMG_20250707_135738-1024x1024.jpg 1024w, https:\/\/multiva.webdemo.lt\/wp-content\/uploads\/2025\/07\/IMG_20250707_135738-300x300.jpg 300w, https:\/\/multiva.webdemo.lt\/wp-content\/uploads\/2025\/07\/IMG_20250707_135738-150x150.jpg 150w, https:\/\/multiva.webdemo.lt\/wp-content\/uploads\/2025\/07\/IMG_20250707_135738-768x768.jpg 768w, https:\/\/multiva.webdemo.lt\/wp-content\/uploads\/2025\/07\/IMG_20250707_135738-1536x1536.jpg 1536w, https:\/\/multiva.webdemo.lt\/wp-content\/uploads\/2025\/07\/IMG_20250707_135738-2048x2048.jpg 2048w, https:\/\/multiva.webdemo.lt\/wp-content\/uploads\/2025\/07\/IMG_20250707_135738-12x12.jpg 12w, https:\/\/multiva.webdemo.lt\/wp-content\/uploads\/2025\/07\/IMG_20250707_135738-200x200.jpg 200w\" sizes=\"(max-width: 1024px) 100vw, 1024px\" \/>\t\t\t\t\t\t\t\t<\/a>\n\t\t\t\t\t\t\t\t\t\t\t\t\t\t\t<\/div>\n\t\t\t\t<\/div>\n\t\t\t\t<div class=\"elementor-element elementor-element-f36617d elementor-view-stacked elementor-widget__width-auto elementor-absolute elementor-shape-circle elementor-widget elementor-widget-icon\" data-id=\"f36617d\" data-element_type=\"widget\" data-settings=\"{&quot;_position&quot;:&quot;absolute&quot;}\" data-widget_type=\"icon.default\">\n\t\t\t\t<div class=\"elementor-widget-container\">\n\t\t\t\t\t\t\t<div class=\"elementor-icon-wrapper\">\n\t\t\t<div class=\"elementor-icon\">\n\t\t\t<svg xmlns=\"http:\/\/www.w3.org\/2000\/svg\" xmlns:xlink=\"http:\/\/www.w3.org\/1999\/xlink\" fill=\"#000000\" height=\"800px\" width=\"800px\" id=\"Layer_1\" viewbox=\"0 0 298.899 298.899\" xml:space=\"preserve\"><g id=\"XMLID_1500_\">\t<g>\t\t<g>\t\t\t<path d=\"M21.067,139.301l15.336-38.143l13.554-8.399l-13.682,59.382l0.162,0.037c-0.355,1.495-0.456,3.076-0.231,4.689    l2.824,20.293l23.907-12.884l-0.862-6.191l2.903,0.669l2.581,3.031c5.94-3.201,23.256-12.533,29.196-15.735l-0.369-0.042    c-9.662-1.099-16.193-8.547-17.487-13.779L68.168,88.865l20.914,40.846c1.669,3.257,4.855,5.463,8.491,5.877l43.375,4.935    c5.675,0.646,10.867-3.188,11.956-8.744c1.23-6.28-3.151-12.249-9.485-12.969l-37.554-4.273l-18.94-36.99l23.674,26.54    l4.506-19.56c2.02-8.768-3.45-17.514-12.218-19.533c-24.214-5.489-29.606-7.188-32.562-7.439    c-2.712-0.23-5.619,0.358-8.115,1.905L21.846,84.471c-1.979,1.226-3.514,3.052-4.382,5.212L0.792,131.15    c-2.251,5.599,0.463,11.963,6.062,14.214C12.46,147.617,18.819,144.893,21.067,139.301z\"><\/path>\t\t\t<path d=\"M44.29,225.318l-5.547,52.959c-0.785,7.497,5.086,14.054,12.674,14.054c6.433-0.001,11.957-4.863,12.643-11.402    l6.329-60.42c0.207-1.979-0.01-2.774-0.848-8.799L44.29,225.318z\"><\/path>\t\t\t<circle cx=\"100.175\" cy=\"30.684\" r=\"24.117\"><\/circle>\t\t\t<path d=\"M298.85,64.512c0-7.28-7.808-11.935-14.216-8.449l-122.242,66.496c1.063,3.016,1.441,6.257,1.069,9.528    c-1.331,11.701-11.909,20.199-23.7,18.858l-24.441-2.781L10.822,205.008c-3.095,1.684-5.023,4.926-5.023,8.449    c0,8.407,0,61.724,0,69.255c0,5.313,4.306,9.619,9.619,9.619c5.312,0,9.619-4.306,9.619-9.619c0-7.121,0-56.302,0-63.537    L279.612,80.694c0,4.789,0,101.721,0,106.473h-32.958c-1.761,0-3.189,1.427-3.189,3.189v23.102h-52.244    c-1.761,0-3.189,1.427-3.189,3.189v23.102h-52.244c-1.761,0-3.189,1.427-3.189,3.189v23.102h-27.492    c2.727-1.791,4.772-4.62,5.481-8.068l12.816-62.301c0.777-3.776-0.06-7.625-3.173-11.281l-23.05,12.422l-11.526,56.032    c-1.082,5.258,1.255,10.417,5.483,13.196H80.355c-1.761,0-3.189,1.427-3.189,3.189v19.914c0,1.761,1.427,3.189,3.189,3.189    H295.71c1.761,0,3.189-1.427,3.189-3.189C298.899,178.359,298.85,221.994,298.85,64.512z\"><\/path>\t\t<\/g>\t<\/g><\/g><\/svg>\t\t\t<\/div>\n\t\t<\/div>\n\t\t\t\t\t\t<\/div>\n\t\t\t\t<\/div>\n\t\t\t\t<div class=\"elementor-element elementor-element-acb7d05 elementor-widget elementor-widget-aux_modern_heading\" data-id=\"acb7d05\" data-element_type=\"widget\" data-widget_type=\"aux_modern_heading.default\">\n\t\t\t\t<div class=\"elementor-widget-container\">\n\t\t\t\t\t<section class=\"aux-widget-modern-heading\">\n            <div class=\"aux-widget-inner\"><a href=\"\/en\/produktai\/laiptai\/pramoniniu-laiptu-konstrukcijos\/\" class=\"aux-modern-heading-primary-link\"><h3 class=\"aux-modern-heading-primary\">Industrial staircase structures<\/h3><\/a><\/div>\n        <\/section>\t\t\t\t<\/div>\n\t\t\t\t<\/div>\n\t\t\t\t<\/div>\n\t\t\t\t<\/div>\n\t\t\t\t<\/div>\n\t\t\t\t\t<\/div>\n\t\t\t\t<\/div>\n\t\t\t\t<\/div>","protected":false},"excerpt":{"rendered":"<p>Produktai Laiptai Tipini\u0173 laipt\u0173 konstrukcijos Pramonini\u0173 laipt\u0173 konstrukcijos<\/p>","protected":false},"author":1,"featured_media":0,"parent":127,"menu_order":0,"comment_status":"closed","ping_status":"closed","template":"templates\/page-builder-content.php","meta":{"footnotes":""},"class_list":["post-416","page","type-page","status-publish","hentry"],"_links":{"self":[{"href":"https:\/\/multiva.webdemo.lt\/en\/wp-json\/wp\/v2\/pages\/416","targetHints":{"allow":["GET"]}}],"collection":[{"href":"https:\/\/multiva.webdemo.lt\/en\/wp-json\/wp\/v2\/pages"}],"about":[{"href":"https:\/\/multiva.webdemo.lt\/en\/wp-json\/wp\/v2\/types\/page"}],"author":[{"embeddable":true,"href":"https:\/\/multiva.webdemo.lt\/en\/wp-json\/wp\/v2\/users\/1"}],"replies":[{"embeddable":true,"href":"https:\/\/multiva.webdemo.lt\/en\/wp-json\/wp\/v2\/comments?post=416"}],"version-history":[{"count":52,"href":"https:\/\/multiva.webdemo.lt\/en\/wp-json\/wp\/v2\/pages\/416\/revisions"}],"predecessor-version":[{"id":2517,"href":"https:\/\/multiva.webdemo.lt\/en\/wp-json\/wp\/v2\/pages\/416\/revisions\/2517"}],"up":[{"embeddable":true,"href":"https:\/\/multiva.webdemo.lt\/en\/wp-json\/wp\/v2\/pages\/127"}],"wp:attachment":[{"href":"https:\/\/multiva.webdemo.lt\/en\/wp-json\/wp\/v2\/media?parent=416"}],"curies":[{"name":"wp","href":"https:\/\/api.w.org\/{rel}","templated":true}]}}