{"id":126,"date":"2021-03-12T11:24:20","date_gmt":"2021-03-12T11:24:20","guid":{"rendered":"https:\/\/multiva.webdemo.lt\/about\/"},"modified":"2025-11-20T08:08:23","modified_gmt":"2025-11-20T08:08:23","slug":"apie-mus","status":"publish","type":"page","link":"https:\/\/multiva.webdemo.lt\/en\/apie-mus\/","title":{"rendered":"About us"},"content":{"rendered":"<div data-elementor-type=\"wp-page\" data-elementor-id=\"126\" class=\"elementor elementor-126\" data-elementor-post-type=\"page\">\n\t\t\t\t<div class=\"aux-parallax-section elementor-element elementor-element-f0ed3a2 e-flex e-con-boxed e-con e-parent\" data-id=\"f0ed3a2\" data-element_type=\"container\" data-settings=\"{&quot;background_background&quot;:&quot;classic&quot;}\">\n\t\t\t\t\t<div class=\"e-con-inner\">\n\t\t\t\t<div class=\"elementor-element elementor-element-e2a2db8 elementor-widget__width-auto aux-appear-watch-animation aux-mask-from-bot elementor-widget elementor-widget-image\" data-id=\"e2a2db8\" data-element_type=\"widget\" data-widget_type=\"image.default\">\n\t\t\t\t<div class=\"elementor-widget-container\">\n\t\t\t\t\t\t\t\t\t\t\t\t\t\t\t<img decoding=\"async\" width=\"82\" height=\"81\" src=\"https:\/\/multiva.webdemo.lt\/wp-content\/uploads\/2021\/03\/Line-699.png\" class=\"attachment-large size-large wp-image-90\" alt=\"\" srcset=\"https:\/\/multiva.webdemo.lt\/wp-content\/uploads\/2021\/03\/Line-699.png 82w, https:\/\/multiva.webdemo.lt\/wp-content\/uploads\/2021\/03\/Line-699-12x12.png 12w\" sizes=\"(max-width: 82px) 100vw, 82px\" \/>\t\t\t\t\t\t\t\t\t\t\t\t\t\t\t<\/div>\n\t\t\t\t<\/div>\n\t\t\t\t<div class=\"elementor-element elementor-element-96ea330 elementor-widget__width-auto aux-appear-watch-animation aux-mask-from-bot elementor-widget elementor-widget-image\" data-id=\"96ea330\" data-element_type=\"widget\" data-widget_type=\"image.default\">\n\t\t\t\t<div class=\"elementor-widget-container\">\n\t\t\t\t\t\t\t\t\t\t\t\t\t\t\t<img decoding=\"async\" width=\"82\" height=\"81\" src=\"https:\/\/multiva.webdemo.lt\/wp-content\/uploads\/2021\/03\/Line-700.png\" class=\"attachment-large size-large wp-image-89\" alt=\"\" srcset=\"https:\/\/multiva.webdemo.lt\/wp-content\/uploads\/2021\/03\/Line-700.png 82w, https:\/\/multiva.webdemo.lt\/wp-content\/uploads\/2021\/03\/Line-700-12x12.png 12w\" sizes=\"(max-width: 82px) 100vw, 82px\" \/>\t\t\t\t\t\t\t\t\t\t\t\t\t\t\t<\/div>\n\t\t\t\t<\/div>\n\t\t\t\t<div class=\"aux-scroll-anim elementor-element elementor-element-07aea0e elementor-widget__width-auto elementor-widget elementor-widget-image\" data-move-in=\"moveVertical\" data-move-out=\"moveVertical\" data-axis-x=\"200\" data-axis-y=\"15\" data-rotate=\"90\" data-scale=\"1\" data-vp-top=\"0.5\" data-vp-bot=\"0.5\" data-el-top=\"0.2\" data-scroll-animation-off=\"1024\" data-id=\"07aea0e\" data-element_type=\"widget\" data-widget_type=\"image.default\">\n\t\t\t\t<div class=\"elementor-widget-container\">\n\t\t\t\t\t\t\t\t\t\t\t\t\t\t\t<img decoding=\"async\" width=\"52\" height=\"51\" src=\"https:\/\/multiva.webdemo.lt\/wp-content\/uploads\/2021\/03\/Group-965.png\" class=\"attachment-large size-large wp-image-96\" alt=\"\" srcset=\"https:\/\/multiva.webdemo.lt\/wp-content\/uploads\/2021\/03\/Group-965.png 52w, https:\/\/multiva.webdemo.lt\/wp-content\/uploads\/2021\/03\/Group-965-12x12.png 12w\" sizes=\"(max-width: 52px) 100vw, 52px\" \/>\t\t\t\t\t\t\t\t\t\t\t\t\t\t\t<\/div>\n\t\t\t\t<\/div>\n\t\t\t\t<div class=\"elementor-element elementor-element-7503b5c elementor-widget__width-auto aux-appear-watch-animation aux-mask-from-bot elementor-widget elementor-widget-image\" data-id=\"7503b5c\" data-element_type=\"widget\" data-widget_type=\"image.default\">\n\t\t\t\t<div class=\"elementor-widget-container\">\n\t\t\t\t\t\t\t\t\t\t\t\t\t\t\t<img loading=\"lazy\" decoding=\"async\" width=\"87\" height=\"87\" src=\"https:\/\/multiva.webdemo.lt\/wp-content\/uploads\/2021\/03\/Line-4.png\" class=\"attachment-large size-large wp-image-92\" alt=\"\" srcset=\"https:\/\/multiva.webdemo.lt\/wp-content\/uploads\/2021\/03\/Line-4.png 87w, https:\/\/multiva.webdemo.lt\/wp-content\/uploads\/2021\/03\/Line-4-12x12.png 12w\" sizes=\"(max-width: 87px) 100vw, 87px\" \/>\t\t\t\t\t\t\t\t\t\t\t\t\t\t\t<\/div>\n\t\t\t\t<\/div>\n\t\t\t\t<div class=\"elementor-element elementor-element-f9e6df1 elementor-widget__width-auto aux-appear-watch-animation aux-mask-from-bot elementor-widget elementor-widget-image\" data-id=\"f9e6df1\" data-element_type=\"widget\" data-widget_type=\"image.default\">\n\t\t\t\t<div class=\"elementor-widget-container\">\n\t\t\t\t\t\t\t\t\t\t\t\t\t\t\t<img loading=\"lazy\" decoding=\"async\" width=\"87\" height=\"87\" src=\"https:\/\/multiva.webdemo.lt\/wp-content\/uploads\/2021\/03\/Line-4.png\" class=\"attachment-large size-large wp-image-92\" alt=\"\" srcset=\"https:\/\/multiva.webdemo.lt\/wp-content\/uploads\/2021\/03\/Line-4.png 87w, https:\/\/multiva.webdemo.lt\/wp-content\/uploads\/2021\/03\/Line-4-12x12.png 12w\" sizes=\"(max-width: 87px) 100vw, 87px\" \/>\t\t\t\t\t\t\t\t\t\t\t\t\t\t\t<\/div>\n\t\t\t\t<\/div>\n\t\t<div class=\"elementor-element elementor-element-91e9ce3 e-con-full e-flex e-con e-child\" data-id=\"91e9ce3\" data-element_type=\"container\">\n\t\t<div class=\"elementor-element elementor-element-0db10ec e-con-full e-flex e-con e-child\" data-id=\"0db10ec\" data-element_type=\"container\">\n\t\t\t\t<div class=\"aux-scroll-anim elementor-element elementor-element-606511f elementor-widget__width-auto aux-appear-watch-animation aux-fade-in-down-1 elementor-widget elementor-widget-image\" data-move-in=\"\" data-move-out=\"rotateIn\" data-axis-x=\"200\" data-axis-y=\"200\" data-rotate=\"9\" data-scale=\"1\" data-vp-top=\"0.5\" data-vp-bot=\"0.5\" data-el-top=\"0.2\" data-scroll-animation-off=\"1024\" data-id=\"606511f\" data-element_type=\"widget\" data-widget_type=\"image.default\">\n\t\t\t\t<div class=\"elementor-widget-container\">\n\t\t\t\t\t\t\t\t\t\t\t\t\t\t\t<img loading=\"lazy\" decoding=\"async\" width=\"1299\" height=\"893\" src=\"https:\/\/multiva.webdemo.lt\/wp-content\/uploads\/2021\/03\/Path-2127.png\" class=\"attachment-full size-full wp-image-88\" alt=\"\" srcset=\"https:\/\/multiva.webdemo.lt\/wp-content\/uploads\/2021\/03\/Path-2127.png 1299w, https:\/\/multiva.webdemo.lt\/wp-content\/uploads\/2021\/03\/Path-2127-18x12.png 18w, https:\/\/multiva.webdemo.lt\/wp-content\/uploads\/2021\/03\/Path-2127-200x137.png 200w\" sizes=\"(max-width: 1299px) 100vw, 1299px\" \/>\t\t\t\t\t\t\t\t\t\t\t\t\t\t\t<\/div>\n\t\t\t\t<\/div>\n\t\t\t\t<div class=\"aux-scroll-anim elementor-element elementor-element-c298cf5 elementor-widget__width-auto aux-appear-watch-animation aux-scale-down elementor-widget elementor-widget-image\" data-move-in=\"\" data-move-out=\"scale\" data-axis-x=\"200\" data-axis-y=\"200\" data-rotate=\"90\" data-scale=\"0.95\" data-vp-top=\"0.5\" data-vp-bot=\"0.5\" data-el-top=\"0.2\" data-scroll-animation-off=\"1024\" data-id=\"c298cf5\" data-element_type=\"widget\" data-widget_type=\"image.default\">\n\t\t\t\t<div class=\"elementor-widget-container\">\n\t\t\t\t\t\t\t\t\t\t\t\t\t\t\t<img loading=\"lazy\" decoding=\"async\" width=\"1333\" height=\"1000\" src=\"https:\/\/multiva.webdemo.lt\/wp-content\/uploads\/2025\/07\/IMG_20210615_131142_1-min.png\" class=\"attachment-full size-full wp-image-2065\" alt=\"\" srcset=\"https:\/\/multiva.webdemo.lt\/wp-content\/uploads\/2025\/07\/IMG_20210615_131142_1-min.png 1333w, https:\/\/multiva.webdemo.lt\/wp-content\/uploads\/2025\/07\/IMG_20210615_131142_1-min-16x12.png 16w, https:\/\/multiva.webdemo.lt\/wp-content\/uploads\/2025\/07\/IMG_20210615_131142_1-min-200x150.png 200w\" sizes=\"(max-width: 1333px) 100vw, 1333px\" \/>\t\t\t\t\t\t\t\t\t\t\t\t\t\t\t<\/div>\n\t\t\t\t<\/div>\n\t\t<div class=\"elementor-element elementor-element-6fe0559 e-con-full e-flex e-con e-child\" data-id=\"6fe0559\" data-element_type=\"container\">\n\t\t\t\t<div class=\"elementor-element elementor-element-d45b22f elementor-widget__width-auto aux-appear-watch-animation aux-fade-in-left-2 elementor-widget-divider--view-line elementor-widget elementor-widget-divider\" data-id=\"d45b22f\" data-element_type=\"widget\" data-widget_type=\"divider.default\">\n\t\t\t\t<div class=\"elementor-widget-container\">\n\t\t\t\t\t\t\t<div class=\"elementor-divider\">\n\t\t\t<span class=\"elementor-divider-separator\">\n\t\t\t\t\t\t<\/span>\n\t\t<\/div>\n\t\t\t\t\t\t<\/div>\n\t\t\t\t<\/div>\n\t\t\t\t<div class=\"elementor-element elementor-element-bafd1a0 elementor-widget__width-auto aux-appear-watch-animation aux-fade-in-right-2 elementor-widget elementor-widget-heading\" data-id=\"bafd1a0\" data-element_type=\"widget\" data-widget_type=\"heading.default\">\n\t\t\t\t<div class=\"elementor-widget-container\">\n\t\t\t\t\t<h4 class=\"elementor-heading-title elementor-size-default\">About us<\/h4>\t\t\t\t<\/div>\n\t\t\t\t<\/div>\n\t\t\t\t<div class=\"elementor-element elementor-element-afd4d18 aux-appear-watch-animation aux-fade-in-up-2 elementor-widget__width-inherit elementor-widget elementor-widget-aux_modern_heading\" data-id=\"afd4d18\" data-element_type=\"widget\" data-widget_type=\"aux_modern_heading.default\">\n\t\t\t\t<div class=\"elementor-widget-container\">\n\t\t\t\t\t<section class=\"aux-widget-modern-heading\">\n            <div class=\"aux-widget-inner\"><h1 class=\"aux-modern-heading-primary\">METAL STRUCTURES WITH A PASSION FOR QUALITY<\/h1><h2 class=\"aux-modern-heading-secondary\"><span class=\"aux-head-before\">SINCE 2006<\/span><\/h2><div class=\"aux-modern-heading-description translation-block\">From individual stair railings to large-scale projects, <strong data-start=\"552\" data-end=\"569\">UAB MULTIVA<\/strong> creates solutions that combine design and functionality.<\/div><\/div>\n        <\/section>\t\t\t\t<\/div>\n\t\t\t\t<\/div>\n\t\t\t\t<div class=\"elementor-element elementor-element-3bc5fa5 aux-appear-watch-animation aux-fade-in-left-1 elementor-widget elementor-widget-aux_modern_button\" data-id=\"3bc5fa5\" data-element_type=\"widget\" data-widget_type=\"aux_modern_button.default\">\n\t\t\t\t<div class=\"elementor-widget-container\">\n\t\t\t\t\t    <div class=\"aux-modern-button-wrapper aux-modern-button-align-left\" >\n                    <a class=\"aux-modern-button aux-black aux-modern-button-md aux-modern-button-normal aux-modern-button-default aux-icon-\" href=\"\/en\/produktai\/\">\n                <div class=\"aux-overlay\"><\/div>\n                                    <div class=\"aux-icon\">\n                                            <\/div>\n                                <div class=\"aux-text\">\n<span class=\"aux-text-before\">Products<\/span>                <\/div>\n            <\/a>\n            \n    <\/div>\n\n    \t\t\t\t<\/div>\n\t\t\t\t<\/div>\n\t\t\t\t<\/div>\n\t\t<div class=\"elementor-element elementor-element-44608da e-con-full elementor-hidden-mobile e-flex e-con e-child\" data-id=\"44608da\" data-element_type=\"container\">\n\t\t\t\t<\/div>\n\t\t\t\t<\/div>\n\t\t\t\t<\/div>\n\t\t\t\t\t<\/div>\n\t\t\t\t<\/div>\n\t\t<div class=\"aux-parallax-section elementor-element elementor-element-1216d7a e-flex e-con-boxed e-con e-parent\" data-id=\"1216d7a\" data-element_type=\"container\">\n\t\t\t\t\t<div class=\"e-con-inner\">\n\t\t<div class=\"elementor-element elementor-element-d602409 aux-aboutus e-con-full e-flex e-con e-child\" data-id=\"d602409\" data-element_type=\"container\">\n\t\t<div class=\"elementor-element elementor-element-1949a5b e-con-full e-flex e-con e-child\" data-id=\"1949a5b\" data-element_type=\"container\">\n\t\t<div class=\"elementor-element elementor-element-13d7a9b e-con-full e-flex e-con e-child\" data-id=\"13d7a9b\" data-element_type=\"container\">\n\t\t\t\t<div class=\"elementor-element elementor-element-fc8c55e elementor-widget__width-auto aux-appear-watch-animation aux-fade-in-left-1 elementor-widget-divider--view-line elementor-widget elementor-widget-divider\" data-id=\"fc8c55e\" data-element_type=\"widget\" data-widget_type=\"divider.default\">\n\t\t\t\t<div class=\"elementor-widget-container\">\n\t\t\t\t\t\t\t<div class=\"elementor-divider\">\n\t\t\t<span class=\"elementor-divider-separator\">\n\t\t\t\t\t\t<\/span>\n\t\t<\/div>\n\t\t\t\t\t\t<\/div>\n\t\t\t\t<\/div>\n\t\t\t\t<div class=\"elementor-element elementor-element-6621871 elementor-widget__width-auto aux-appear-watch-animation aux-fade-in-right-1 elementor-widget elementor-widget-heading\" data-id=\"6621871\" data-element_type=\"widget\" data-widget_type=\"heading.default\">\n\t\t\t\t<div class=\"elementor-widget-container\">\n\t\t\t\t\t<h4 class=\"elementor-heading-title elementor-size-default\">ABOUT US<\/h4>\t\t\t\t<\/div>\n\t\t\t\t<\/div>\n\t\t\t\t<\/div>\n\t\t\t\t<\/div>\n\t\t\t\t<div class=\"elementor-element elementor-element-3906d34 aux-appear-watch-animation aux-fade-in-up elementor-widget elementor-widget-heading\" data-id=\"3906d34\" data-element_type=\"widget\" data-widget_type=\"heading.default\">\n\t\t\t\t<div class=\"elementor-widget-container\">\n\t\t\t\t\t<h2 class=\"elementor-heading-title elementor-size-default\">We are a reliable partner in the field of metal products.<\/h2>\t\t\t\t<\/div>\n\t\t\t\t<\/div>\n\t\t\t\t<div class=\"elementor-element elementor-element-9540939 aux-appear-watch-animation aux-fade-in-right-1 elementor-widget elementor-widget-aux_modern_button\" data-id=\"9540939\" data-element_type=\"widget\" data-widget_type=\"aux_modern_button.default\">\n\t\t\t\t<div class=\"elementor-widget-container\">\n\t\t\t\t\t    <div class=\"aux-modern-button-wrapper aux-modern-button-align-left\" >\n                    <a class=\"aux-modern-button aux-black aux-modern-button-md aux-modern-button-normal aux-modern-button-default aux-icon-\" href=\"\/en\/atlikti-darbai\/\">\n                <div class=\"aux-overlay\"><\/div>\n                                    <div class=\"aux-icon\">\n                                            <\/div>\n                                <div class=\"aux-text\">\n<span class=\"aux-text-before\">Work performed<\/span>                <\/div>\n            <\/a>\n            \n    <\/div>\n\n    \t\t\t\t<\/div>\n\t\t\t\t<\/div>\n\t\t\t\t<\/div>\n\t\t<div class=\"elementor-element elementor-element-1283557 aux-text e-con-full e-flex e-con e-child\" data-id=\"1283557\" data-element_type=\"container\">\n\t\t<div class=\"elementor-element elementor-element-a9761fc e-con-full e-flex e-con e-child\" data-id=\"a9761fc\" data-element_type=\"container\">\n\t\t\t\t<div class=\"elementor-element elementor-element-7bba5c8 elementor-widget__width-initial elementor-widget-mobile__width-inherit aux-appear-watch-animation aux-scale-down elementor-widget elementor-widget-image\" data-id=\"7bba5c8\" data-element_type=\"widget\" data-widget_type=\"image.default\">\n\t\t\t\t<div class=\"elementor-widget-container\">\n\t\t\t\t\t\t\t\t\t\t\t\t\t\t\t<img loading=\"lazy\" decoding=\"async\" width=\"1024\" height=\"1024\" src=\"https:\/\/multiva.webdemo.lt\/wp-content\/uploads\/2025\/07\/IMG_20230427_070921-1024x1024.jpg\" class=\"attachment-large size-large wp-image-1956\" alt=\"\" srcset=\"https:\/\/multiva.webdemo.lt\/wp-content\/uploads\/2025\/07\/IMG_20230427_070921-1024x1024.jpg 1024w, https:\/\/multiva.webdemo.lt\/wp-content\/uploads\/2025\/07\/IMG_20230427_070921-300x300.jpg 300w, https:\/\/multiva.webdemo.lt\/wp-content\/uploads\/2025\/07\/IMG_20230427_070921-150x150.jpg 150w, https:\/\/multiva.webdemo.lt\/wp-content\/uploads\/2025\/07\/IMG_20230427_070921-768x768.jpg 768w\" sizes=\"(max-width: 1024px) 100vw, 1024px\" \/>\t\t\t\t\t\t\t\t\t\t\t\t\t\t\t<\/div>\n\t\t\t\t<\/div>\n\t\t\t\t<\/div>\n\t\t<div class=\"elementor-element elementor-element-bce690c e-con-full e-flex e-con e-child\" data-id=\"bce690c\" data-element_type=\"container\">\n\t\t\t\t<div class=\"elementor-element elementor-element-c0e37f2 elementor-widget__width-initial elementor-widget-mobile__width-inherit aux-appear-watch-animation aux-scale-down elementor-widget elementor-widget-image\" data-id=\"c0e37f2\" data-element_type=\"widget\" data-widget_type=\"image.default\">\n\t\t\t\t<div class=\"elementor-widget-container\">\n\t\t\t\t\t\t\t\t\t\t\t\t\t\t\t<img loading=\"lazy\" decoding=\"async\" width=\"1024\" height=\"1024\" src=\"https:\/\/multiva.webdemo.lt\/wp-content\/uploads\/2025\/07\/IMG_20210615_131151_1-1-1024x1024.jpg\" class=\"attachment-large size-large wp-image-2146\" alt=\"\" srcset=\"https:\/\/multiva.webdemo.lt\/wp-content\/uploads\/2025\/07\/IMG_20210615_131151_1-1-1024x1024.jpg 1024w, https:\/\/multiva.webdemo.lt\/wp-content\/uploads\/2025\/07\/IMG_20210615_131151_1-1-300x300.jpg 300w, https:\/\/multiva.webdemo.lt\/wp-content\/uploads\/2025\/07\/IMG_20210615_131151_1-1-150x150.jpg 150w, https:\/\/multiva.webdemo.lt\/wp-content\/uploads\/2025\/07\/IMG_20210615_131151_1-1-768x768.jpg 768w\" sizes=\"(max-width: 1024px) 100vw, 1024px\" \/>\t\t\t\t\t\t\t\t\t\t\t\t\t\t\t<\/div>\n\t\t\t\t<\/div>\n\t\t\t\t<\/div>\n\t\t\t\t<\/div>\n\t\t\t\t\t<\/div>\n\t\t\t\t<\/div>\n\t\t<div class=\"aux-parallax-section elementor-element elementor-element-34cec11 e-con-full e-flex e-con e-parent\" data-id=\"34cec11\" data-element_type=\"container\">\n\t\t<div class=\"elementor-element elementor-element-b29de68 aux-appear-watch-animation aux-fade-in-left-1 e-con-full e-flex e-con e-child\" data-id=\"b29de68\" data-element_type=\"container\" data-settings=\"{&quot;background_background&quot;:&quot;classic&quot;}\">\n\t\t\t\t<div class=\"elementor-element elementor-element-8acfa01 elementor-widget elementor-widget-spacer\" data-id=\"8acfa01\" data-element_type=\"widget\" data-widget_type=\"spacer.default\">\n\t\t\t\t<div class=\"elementor-widget-container\">\n\t\t\t\t\t\t\t<div class=\"elementor-spacer\">\n\t\t\t<div class=\"elementor-spacer-inner\"><\/div>\n\t\t<\/div>\n\t\t\t\t\t\t<\/div>\n\t\t\t\t<\/div>\n\t\t\t\t<\/div>\n\t\t<div class=\"elementor-element elementor-element-9eec6f4 e-con-full e-flex e-con e-child\" data-id=\"9eec6f4\" data-element_type=\"container\" data-settings=\"{&quot;background_background&quot;:&quot;classic&quot;}\">\n\t\t<div class=\"elementor-element elementor-element-bc1f615 e-con-full e-flex e-con e-child\" data-id=\"bc1f615\" data-element_type=\"container\">\n\t\t<div class=\"elementor-element elementor-element-13f6f06 e-con-full e-flex e-con e-child\" data-id=\"13f6f06\" data-element_type=\"container\">\n\t\t\t\t<div class=\"elementor-element elementor-element-0887e34 elementor-widget__width-auto aux-appear-watch-animation aux-fade-in-left-1 elementor-widget-divider--view-line elementor-widget elementor-widget-divider\" data-id=\"0887e34\" data-element_type=\"widget\" data-widget_type=\"divider.default\">\n\t\t\t\t<div class=\"elementor-widget-container\">\n\t\t\t\t\t\t\t<div class=\"elementor-divider\">\n\t\t\t<span class=\"elementor-divider-separator\">\n\t\t\t\t\t\t<\/span>\n\t\t<\/div>\n\t\t\t\t\t\t<\/div>\n\t\t\t\t<\/div>\n\t\t\t\t<div class=\"elementor-element elementor-element-f91fcdc elementor-widget__width-auto aux-appear-watch-animation aux-fade-in-right-1 elementor-widget elementor-widget-heading\" data-id=\"f91fcdc\" data-element_type=\"widget\" data-widget_type=\"heading.default\">\n\t\t\t\t<div class=\"elementor-widget-container\">\n\t\t\t\t\t<h4 class=\"elementor-heading-title elementor-size-default\">WHY CHOOSE US<\/h4>\t\t\t\t<\/div>\n\t\t\t\t<\/div>\n\t\t\t\t<\/div>\n\t\t\t\t<\/div>\n\t\t\t\t<div class=\"elementor-element elementor-element-734d070 aux-appear-watch-animation aux-fade-in-up elementor-widget elementor-widget-aux_modern_heading\" data-id=\"734d070\" data-element_type=\"widget\" data-widget_type=\"aux_modern_heading.default\">\n\t\t\t\t<div class=\"elementor-widget-container\">\n\t\t\t\t\t<section class=\"aux-widget-modern-heading\">\n            <div class=\"aux-widget-inner\"><h2 class=\"aux-modern-heading-primary\">Experience, quality, and solutions that speak for themselves<\/h2><div class=\"aux-modern-heading-description\"><p>Over nearly two decades, we have implemented hundreds of successful projects.<br data-start=\"749\" data-end=\"752\" \/>Our strength lies in \u2013 <strong data-start=\"768\" data-end=\"841\">Responsible approach, flexibility, and professionalism at every stage.<\/strong><\/p><\/div><\/div>\n        <\/section>\t\t\t\t<\/div>\n\t\t\t\t<\/div>\n\t\t\t\t<div class=\"elementor-element elementor-element-8bbf900 aux-appear-watch-animation aux-fade-in-up elementor-icon-list--layout-traditional elementor-list-item-link-full_width elementor-widget elementor-widget-icon-list\" data-id=\"8bbf900\" data-element_type=\"widget\" data-widget_type=\"icon-list.default\">\n\t\t\t\t<div class=\"elementor-widget-container\">\n\t\t\t\t\t\t\t<ul class=\"elementor-icon-list-items\">\n\t\t\t\t\t\t\t<li class=\"elementor-icon-list-item\">\n\t\t\t\t\t\t\t\t\t\t\t<span class=\"elementor-icon-list-icon\">\n\t\t\t\t\t\t\t<i aria-hidden=\"true\" class=\"far fa-window-minimize\"><\/i>\t\t\t\t\t\t<\/span>\n\t\t\t\t\t\t\t\t\t\t<span class=\"elementor-icon-list-text\">Certified company (special building contractor certificate)<\/span>\n\t\t\t\t\t\t\t\t\t<\/li>\n\t\t\t\t\t\t\t\t<li class=\"elementor-icon-list-item\">\n\t\t\t\t\t\t\t\t\t\t\t<span class=\"elementor-icon-list-icon\">\n\t\t\t\t\t\t\t<i aria-hidden=\"true\" class=\"far fa-window-minimize\"><\/i>\t\t\t\t\t\t<\/span>\n\t\t\t\t\t\t\t\t\t\t<span class=\"elementor-icon-list-text\">Solutions from idea to final installation<\/span>\n\t\t\t\t\t\t\t\t\t<\/li>\n\t\t\t\t\t\t<\/ul>\n\t\t\t\t\t\t<\/div>\n\t\t\t\t<\/div>\n\t\t\t\t<div class=\"elementor-element elementor-element-c2b03f6 aux-appear-watch-animation aux-fade-in-right-1 elementor-widget elementor-widget-aux_modern_button\" data-id=\"c2b03f6\" data-element_type=\"widget\" data-widget_type=\"aux_modern_button.default\">\n\t\t\t\t<div class=\"elementor-widget-container\">\n\t\t\t\t\t    <div class=\"aux-modern-button-wrapper aux-modern-button-align-left\" >\n                    <a class=\"aux-modern-button aux-black aux-modern-button-md aux-modern-button-normal aux-modern-button-default aux-icon-\" href=\"\/en\/kontaktai\/\">\n                <div class=\"aux-overlay\"><\/div>\n                                    <div class=\"aux-icon\">\n                                            <\/div>\n                                <div class=\"aux-text\">\n<span class=\"aux-text-before\">Contact<\/span>                <\/div>\n            <\/a>\n            \n    <\/div>\n\n    \t\t\t\t<\/div>\n\t\t\t\t<\/div>\n\t\t\t\t<\/div>\n\t\t\t\t<\/div>\n\t\t\t\t<\/div>","protected":false},"excerpt":{"rendered":"<p>Apie mus METALO KONSTRUKCIJOS SU AISTRA KOKYBEI NUO 2006 M. Nuo individuali\u0173 laipt\u0173 tur\u0117kl\u0173 iki didel\u0117s apimties objekt\u0173 \u2013 UAB \u201eMULTIVA\u201c kuria sprendimus, kurie dera tarp dizaino ir funkcionalumo. Produktai APIE MUS Esame patikimas partneris metalo gamini\u0173 srityje. Atlikti Darbai KOD\u0116L VERTA RINKTIS MUS Patirtis, kokyb\u0117 ir sprendimai, kurie kalba darbais Per beveik du de\u0161imtme\u010dius [&hellip;]<\/p>","protected":false},"author":1,"featured_media":0,"parent":0,"menu_order":0,"comment_status":"closed","ping_status":"closed","template":"templates\/page-builder-content.php","meta":{"footnotes":""},"class_list":["post-126","page","type-page","status-publish","hentry"],"_links":{"self":[{"href":"https:\/\/multiva.webdemo.lt\/en\/wp-json\/wp\/v2\/pages\/126","targetHints":{"allow":["GET"]}}],"collection":[{"href":"https:\/\/multiva.webdemo.lt\/en\/wp-json\/wp\/v2\/pages"}],"about":[{"href":"https:\/\/multiva.webdemo.lt\/en\/wp-json\/wp\/v2\/types\/page"}],"author":[{"embeddable":true,"href":"https:\/\/multiva.webdemo.lt\/en\/wp-json\/wp\/v2\/users\/1"}],"replies":[{"embeddable":true,"href":"https:\/\/multiva.webdemo.lt\/en\/wp-json\/wp\/v2\/comments?post=126"}],"version-history":[{"count":239,"href":"https:\/\/multiva.webdemo.lt\/en\/wp-json\/wp\/v2\/pages\/126\/revisions"}],"predecessor-version":[{"id":2796,"href":"https:\/\/multiva.webdemo.lt\/en\/wp-json\/wp\/v2\/pages\/126\/revisions\/2796"}],"wp:attachment":[{"href":"https:\/\/multiva.webdemo.lt\/en\/wp-json\/wp\/v2\/media?parent=126"}],"curies":[{"name":"wp","href":"https:\/\/api.w.org\/{rel}","templated":true}]}}